{"id":432,"date":"2022-10-11T14:07:29","date_gmt":"2022-10-11T12:07:29","guid":{"rendered":"https:\/\/saintpriest.circo.ac-lyon.fr\/wordpress\/?page_id=432"},"modified":"2022-11-08T11:34:53","modified_gmt":"2022-11-08T10:34:53","slug":"accueil","status":"publish","type":"page","link":"https:\/\/saintpriest-circo.edu69.ac-lyon.fr\/","title":{"rendered":"Page d&rsquo;accueil"},"content":{"rendered":"\n<figure class=\"wp-block-gallery alignwide has-nested-images columns-default is-cropped wp-block-gallery-1 is-layout-flex wp-block-gallery-is-layout-flex\">\n<figure class=\"wp-block-image size-large\"><img decoding=\"async\" width=\"682\" height=\"464\" data-id=\"384\" src=\"https:\/\/saintpriest.edu69.ac-lyon.fr\/wp-content\/uploads\/sites\/135\/2022\/10\/CAP1.3-avec-ombre-1.jpg\" alt=\"\" class=\"wp-image-384\" srcset=\"https:\/\/saintpriest-circo.edu69.ac-lyon.fr\/wp-content\/uploads\/sites\/135\/2022\/10\/CAP1.3-avec-ombre-1.jpg 682w, https:\/\/saintpriest-circo.edu69.ac-lyon.fr\/wp-content\/uploads\/sites\/135\/2022\/10\/CAP1.3-avec-ombre-1-300x204.jpg 300w, https:\/\/saintpriest-circo.edu69.ac-lyon.fr\/wp-content\/uploads\/sites\/135\/2022\/10\/CAP1.3-avec-ombre-1-500x340.jpg 500w\" sizes=\"(max-width: 682px) 100vw, 682px\" \/><figcaption>CAP 1 : la lecture<\/figcaption><\/figure>\n\n\n\n<figure class=\"wp-block-image size-large\"><img decoding=\"async\" width=\"680\" height=\"464\" data-id=\"385\" src=\"https:\/\/saintpriest.edu69.ac-lyon.fr\/wp-content\/uploads\/sites\/135\/2022\/10\/CAP2.2-avec-ombre.jpg\" alt=\"\" class=\"wp-image-385\" srcset=\"https:\/\/saintpriest-circo.edu69.ac-lyon.fr\/wp-content\/uploads\/sites\/135\/2022\/10\/CAP2.2-avec-ombre.jpg 680w, https:\/\/saintpriest-circo.edu69.ac-lyon.fr\/wp-content\/uploads\/sites\/135\/2022\/10\/CAP2.2-avec-ombre-300x205.jpg 300w, https:\/\/saintpriest-circo.edu69.ac-lyon.fr\/wp-content\/uploads\/sites\/135\/2022\/10\/CAP2.2-avec-ombre-500x341.jpg 500w\" sizes=\"(max-width: 680px) 100vw, 680px\" \/><figcaption>CAP 2 : l&rsquo;\u00e9criture<\/figcaption><\/figure>\n\n\n\n<figure class=\"wp-block-image size-large\"><img decoding=\"async\" width=\"679\" height=\"464\" data-id=\"388\" src=\"https:\/\/saintpriest.edu69.ac-lyon.fr\/wp-content\/uploads\/sites\/135\/2022\/10\/CAP3.2-avec-ombre.jpg\" alt=\"\" class=\"wp-image-388\" srcset=\"https:\/\/saintpriest-circo.edu69.ac-lyon.fr\/wp-content\/uploads\/sites\/135\/2022\/10\/CAP3.2-avec-ombre.jpg 679w, https:\/\/saintpriest-circo.edu69.ac-lyon.fr\/wp-content\/uploads\/sites\/135\/2022\/10\/CAP3.2-avec-ombre-300x205.jpg 300w, https:\/\/saintpriest-circo.edu69.ac-lyon.fr\/wp-content\/uploads\/sites\/135\/2022\/10\/CAP3.2-avec-ombre-500x342.jpg 500w\" sizes=\"(max-width: 679px) 100vw, 679px\" \/><figcaption>CAP 3 : la cat\u00e9gorisation des probl\u00e8mes<\/figcaption><\/figure>\n\n\n\n<figure class=\"wp-block-image size-large\"><img decoding=\"async\" width=\"693\" height=\"1009\" data-id=\"387\" src=\"https:\/\/saintpriest.edu69.ac-lyon.fr\/wp-content\/uploads\/sites\/135\/2022\/10\/CAP4.1-avec-ombre.jpg\" alt=\"\" class=\"wp-image-387\" srcset=\"https:\/\/saintpriest-circo.edu69.ac-lyon.fr\/wp-content\/uploads\/sites\/135\/2022\/10\/CAP4.1-avec-ombre.jpg 693w, https:\/\/saintpriest-circo.edu69.ac-lyon.fr\/wp-content\/uploads\/sites\/135\/2022\/10\/CAP4.1-avec-ombre-206x300.jpg 206w, https:\/\/saintpriest-circo.edu69.ac-lyon.fr\/wp-content\/uploads\/sites\/135\/2022\/10\/CAP4.1-avec-ombre-500x728.jpg 500w\" sizes=\"(max-width: 693px) 100vw, 693px\" \/><figcaption>CAP 4 : la d\u00e9marche d&rsquo;investigation<\/figcaption><\/figure>\n\n\n\n<figure class=\"wp-block-image size-large\"><img decoding=\"async\" width=\"768\" height=\"1024\" data-id=\"454\" src=\"https:\/\/saintpriest.edu69.ac-lyon.fr\/wp-content\/uploads\/sites\/135\/2022\/11\/CAP5-768x1024.jpg\" alt=\"\" class=\"wp-image-454\" srcset=\"https:\/\/saintpriest-circo.edu69.ac-lyon.fr\/wp-content\/uploads\/sites\/135\/2022\/11\/CAP5-768x1024.jpg 768w, https:\/\/saintpriest-circo.edu69.ac-lyon.fr\/wp-content\/uploads\/sites\/135\/2022\/11\/CAP5-225x300.jpg 225w, https:\/\/saintpriest-circo.edu69.ac-lyon.fr\/wp-content\/uploads\/sites\/135\/2022\/11\/CAP5-1152x1536.jpg 1152w, https:\/\/saintpriest-circo.edu69.ac-lyon.fr\/wp-content\/uploads\/sites\/135\/2022\/11\/CAP5-1536x2048.jpg 1536w, https:\/\/saintpriest-circo.edu69.ac-lyon.fr\/wp-content\/uploads\/sites\/135\/2022\/11\/CAP5-scaled.jpg 900w\" sizes=\"(max-width: 768px) 100vw, 768px\" \/><figcaption>CAP 5 : la culture<\/figcaption><\/figure>\n\n\n\n<figure class=\"wp-block-image size-large\"><img decoding=\"async\" width=\"986\" height=\"721\" data-id=\"386\" src=\"https:\/\/saintpriest.edu69.ac-lyon.fr\/wp-content\/uploads\/sites\/135\/2022\/10\/CAP6.1-avec-ombre.jpg\" alt=\"\" class=\"wp-image-386\" srcset=\"https:\/\/saintpriest-circo.edu69.ac-lyon.fr\/wp-content\/uploads\/sites\/135\/2022\/10\/CAP6.1-avec-ombre.jpg 986w, https:\/\/saintpriest-circo.edu69.ac-lyon.fr\/wp-content\/uploads\/sites\/135\/2022\/10\/CAP6.1-avec-ombre-300x219.jpg 300w, https:\/\/saintpriest-circo.edu69.ac-lyon.fr\/wp-content\/uploads\/sites\/135\/2022\/10\/CAP6.1-avec-ombre-500x366.jpg 500w, https:\/\/saintpriest-circo.edu69.ac-lyon.fr\/wp-content\/uploads\/sites\/135\/2022\/10\/CAP6.1-avec-ombre-800x585.jpg 800w\" sizes=\"(max-width: 986px) 100vw, 986px\" \/><figcaption>CAP 6 : l&rsquo;\u00e9loquence<\/figcaption><\/figure>\n\n\n\n<figure class=\"wp-block-image size-large\"><img decoding=\"async\" width=\"1058\" height=\"721\" data-id=\"389\" src=\"https:\/\/saintpriest.edu69.ac-lyon.fr\/wp-content\/uploads\/sites\/135\/2022\/10\/CAP7.1-avec-ombre.jpg\" alt=\"\" class=\"wp-image-389\" srcset=\"https:\/\/saintpriest-circo.edu69.ac-lyon.fr\/wp-content\/uploads\/sites\/135\/2022\/10\/CAP7.1-avec-ombre.jpg 1058w, https:\/\/saintpriest-circo.edu69.ac-lyon.fr\/wp-content\/uploads\/sites\/135\/2022\/10\/CAP7.1-avec-ombre-300x204.jpg 300w, https:\/\/saintpriest-circo.edu69.ac-lyon.fr\/wp-content\/uploads\/sites\/135\/2022\/10\/CAP7.1-avec-ombre-1024x698.jpg 1024w, https:\/\/saintpriest-circo.edu69.ac-lyon.fr\/wp-content\/uploads\/sites\/135\/2022\/10\/CAP7.1-avec-ombre-500x341.jpg 500w, https:\/\/saintpriest-circo.edu69.ac-lyon.fr\/wp-content\/uploads\/sites\/135\/2022\/10\/CAP7.1-avec-ombre-800x545.jpg 800w\" sizes=\"(max-width: 1058px) 100vw, 1058px\" \/><figcaption>CAP 7 : l&rsquo;\u00e9co-citoyennet\u00e9<\/figcaption><\/figure>\n\n\n\n<figure class=\"wp-block-image size-large\"><img decoding=\"async\" width=\"680\" height=\"463\" data-id=\"391\" src=\"https:\/\/saintpriest.edu69.ac-lyon.fr\/wp-content\/uploads\/sites\/135\/2022\/10\/CAP8.2-avec-ombre.jpg\" alt=\"\" class=\"wp-image-391\" srcset=\"https:\/\/saintpriest-circo.edu69.ac-lyon.fr\/wp-content\/uploads\/sites\/135\/2022\/10\/CAP8.2-avec-ombre.jpg 680w, https:\/\/saintpriest-circo.edu69.ac-lyon.fr\/wp-content\/uploads\/sites\/135\/2022\/10\/CAP8.2-avec-ombre-300x204.jpg 300w, https:\/\/saintpriest-circo.edu69.ac-lyon.fr\/wp-content\/uploads\/sites\/135\/2022\/10\/CAP8.2-avec-ombre-500x340.jpg 500w\" sizes=\"(max-width: 680px) 100vw, 680px\" \/><figcaption>CAP 8 : l&rsquo;\u00e9ducation physique<\/figcaption><\/figure>\n\n\n\n<figure class=\"wp-block-image size-large\"><img decoding=\"async\" width=\"1063\" height=\"721\" data-id=\"390\" src=\"https:\/\/saintpriest.edu69.ac-lyon.fr\/wp-content\/uploads\/sites\/135\/2022\/10\/CAP9.1-avec-ombre.jpg\" alt=\"\" class=\"wp-image-390\" srcset=\"https:\/\/saintpriest-circo.edu69.ac-lyon.fr\/wp-content\/uploads\/sites\/135\/2022\/10\/CAP9.1-avec-ombre.jpg 1063w, https:\/\/saintpriest-circo.edu69.ac-lyon.fr\/wp-content\/uploads\/sites\/135\/2022\/10\/CAP9.1-avec-ombre-300x203.jpg 300w, https:\/\/saintpriest-circo.edu69.ac-lyon.fr\/wp-content\/uploads\/sites\/135\/2022\/10\/CAP9.1-avec-ombre-1024x695.jpg 1024w, https:\/\/saintpriest-circo.edu69.ac-lyon.fr\/wp-content\/uploads\/sites\/135\/2022\/10\/CAP9.1-avec-ombre-500x339.jpg 500w, https:\/\/saintpriest-circo.edu69.ac-lyon.fr\/wp-content\/uploads\/sites\/135\/2022\/10\/CAP9.1-avec-ombre-800x543.jpg 800w\" sizes=\"(max-width: 1063px) 100vw, 1063px\" \/><figcaption>CAP 9 : le monde num\u00e9rique<\/figcaption><\/figure>\n\n\n\n<figure class=\"wp-block-image size-large\"><a href=\"https:\/\/saintpriest.edu69.ac-lyon.fr\/?cat=22\"><img decoding=\"async\" width=\"1024\" height=\"739\" data-id=\"451\" src=\"https:\/\/saintpriest.edu69.ac-lyon.fr\/wp-content\/uploads\/sites\/135\/2022\/11\/CAP10-recadre-avec-ombre-1024x739.jpg\" alt=\"\" class=\"wp-image-451\" srcset=\"https:\/\/saintpriest-circo.edu69.ac-lyon.fr\/wp-content\/uploads\/sites\/135\/2022\/11\/CAP10-recadre-avec-ombre-1024x739.jpg 1024w, https:\/\/saintpriest-circo.edu69.ac-lyon.fr\/wp-content\/uploads\/sites\/135\/2022\/11\/CAP10-recadre-avec-ombre-300x216.jpg 300w, https:\/\/saintpriest-circo.edu69.ac-lyon.fr\/wp-content\/uploads\/sites\/135\/2022\/11\/CAP10-recadre-avec-ombre-768x554.jpg 768w, https:\/\/saintpriest-circo.edu69.ac-lyon.fr\/wp-content\/uploads\/sites\/135\/2022\/11\/CAP10-recadre-avec-ombre.jpg 1095w\" sizes=\"(max-width: 1024px) 100vw, 1024px\" \/><\/a><figcaption>CAP 10 : La la\u00efcit\u00e9<\/figcaption><\/figure>\n\n\n\n<figure class=\"wp-block-image size-large\"><img decoding=\"async\" width=\"300\" height=\"194\" data-id=\"468\" src=\"https:\/\/saintpriest.edu69.ac-lyon.fr\/wp-content\/uploads\/sites\/135\/2022\/11\/image-vide.webp\" alt=\"\" class=\"wp-image-468\"\/><\/figure>\n\n\n\n<figure class=\"wp-block-image size-large\"><img decoding=\"async\" width=\"300\" height=\"194\" data-id=\"470\" src=\"https:\/\/saintpriest.edu69.ac-lyon.fr\/wp-content\/uploads\/sites\/135\/2022\/11\/image-vide-1.webp\" alt=\"\" class=\"wp-image-470\"\/><\/figure>\n<\/figure>\n","protected":false},"excerpt":{"rendered":"","protected":false},"author":5063,"featured_media":0,"parent":0,"menu_order":0,"comment_status":"closed","ping_status":"closed","template":"","meta":{"inline_featured_image":false,"advgb_blocks_editor_width":"","advgb_blocks_columns_visual_guide":"","_themeisle_gutenberg_block_has_review":false,"footnotes":""},"class_list":["post-432","page","type-page","status-publish","czr-hentry"],"coauthors":[],"author_meta":{"author_link":"https:\/\/saintpriest-circo.edu69.ac-lyon.fr\/?author=5063","display_name":"Marco OVERZEE"},"relative_dates":{"created":"Publi\u00e9 4 ans il y a","modified":"Mis \u00e0 jour 3 ans il y a"},"absolute_dates":{"created":"Publi\u00e9 le 11 octobre 2022","modified":"Mise \u00e0 jour le 8 novembre 2022"},"absolute_dates_time":{"created":"Publi\u00e9 le 11 octobre 2022 14 h 07 min","modified":"Mise \u00e0 jour le 8 novembre 2022 11 h 34 min"},"featured_img_caption":"","featured_img":false,"series_order":"","publishpress_future_action":{"enabled":false,"date":"2026-04-19 17:10:56","action":"change-status","newStatus":"draft","terms":[],"taxonomy":"","extraData":[]},"publishpress_future_workflow_manual_trigger":{"enabledWorkflows":[]},"_links":{"self":[{"href":"https:\/\/saintpriest-circo.edu69.ac-lyon.fr\/index.php?rest_route=\/wp\/v2\/pages\/432","targetHints":{"allow":["GET"]}}],"collection":[{"href":"https:\/\/saintpriest-circo.edu69.ac-lyon.fr\/index.php?rest_route=\/wp\/v2\/pages"}],"about":[{"href":"https:\/\/saintpriest-circo.edu69.ac-lyon.fr\/index.php?rest_route=\/wp\/v2\/types\/page"}],"author":[{"embeddable":true,"href":"https:\/\/saintpriest-circo.edu69.ac-lyon.fr\/index.php?rest_route=\/wp\/v2\/users\/5063"}],"replies":[{"embeddable":true,"href":"https:\/\/saintpriest-circo.edu69.ac-lyon.fr\/index.php?rest_route=%2Fwp%2Fv2%2Fcomments&post=432"}],"version-history":[{"count":8,"href":"https:\/\/saintpriest-circo.edu69.ac-lyon.fr\/index.php?rest_route=\/wp\/v2\/pages\/432\/revisions"}],"predecessor-version":[{"id":472,"href":"https:\/\/saintpriest-circo.edu69.ac-lyon.fr\/index.php?rest_route=\/wp\/v2\/pages\/432\/revisions\/472"}],"wp:attachment":[{"href":"https:\/\/saintpriest-circo.edu69.ac-lyon.fr\/index.php?rest_route=%2Fwp%2Fv2%2Fmedia&parent=432"}],"curies":[{"name":"wp","href":"https:\/\/api.w.org\/{rel}","templated":true}]}}